{"id":95,"date":"2025-06-20T17:56:25","date_gmt":"2025-06-20T15:56:25","guid":{"rendered":"http:\/\/crescenedo.fr\/?page_id=95"},"modified":"2026-01-19T10:50:02","modified_gmt":"2026-01-19T09:50:02","slug":"a-laffiche","status":"publish","type":"page","link":"https:\/\/crescenedo.fr\/","title":{"rendered":"A l&rsquo;affiche"},"content":{"rendered":"\t\t<div data-elementor-type=\"wp-page\" data-elementor-id=\"95\" class=\"elementor elementor-95\">\n\t\t\t\t<div class=\"elementor-element elementor-element-336c0d62 e-flex e-con-boxed e-con e-parent\" data-id=\"336c0d62\" data-element_type=\"container\">\n\t\t\t\t\t<div class=\"e-con-inner\">\n\t\t\t\t<div class=\"elementor-element elementor-element-33b77e93 elementor-widget elementor-widget-image\" data-id=\"33b77e93\" data-element_type=\"widget\" data-widget_type=\"image.default\">\n\t\t\t\t<div class=\"elementor-widget-container\">\n\t\t\t\t\t\t\t\t\t\t\t\t\t\t\t<img fetchpriority=\"high\" decoding=\"async\" width=\"2202\" height=\"426\" src=\"https:\/\/crescenedo.fr\/wp-content\/uploads\/2025\/07\/banniere-copie.jpg\" class=\"attachment-full size-full wp-image-109\" alt=\"\" srcset=\"https:\/\/crescenedo.fr\/wp-content\/uploads\/2025\/07\/banniere-copie.jpg 2202w, https:\/\/crescenedo.fr\/wp-content\/uploads\/2025\/07\/banniere-copie-300x58.jpg 300w, https:\/\/crescenedo.fr\/wp-content\/uploads\/2025\/07\/banniere-copie-1024x198.jpg 1024w, https:\/\/crescenedo.fr\/wp-content\/uploads\/2025\/07\/banniere-copie-768x149.jpg 768w, https:\/\/crescenedo.fr\/wp-content\/uploads\/2025\/07\/banniere-copie-1536x297.jpg 1536w, https:\/\/crescenedo.fr\/wp-content\/uploads\/2025\/07\/banniere-copie-2048x396.jpg 2048w\" sizes=\"(max-width: 2202px) 100vw, 2202px\" \/>\t\t\t\t\t\t\t\t\t\t\t\t\t\t\t<\/div>\n\t\t\t\t<\/div>\n\t\t\t\t\t<\/div>\n\t\t\t\t<\/div>\n\t\t<div class=\"elementor-element elementor-element-1073a92 e-flex e-con-boxed e-con e-parent\" data-id=\"1073a92\" data-element_type=\"container\">\n\t\t\t\t\t<div class=\"e-con-inner\">\n\t\t<div class=\"elementor-element elementor-element-306a96d e-con-full e-flex e-con e-child\" data-id=\"306a96d\" data-element_type=\"container\">\n\t\t\t\t<div class=\"elementor-element elementor-element-261fd64 elementor-widget__width-initial elementor-invisible elementor-widget elementor-widget-image\" data-id=\"261fd64\" data-element_type=\"widget\" data-settings=\"{&quot;_animation&quot;:&quot;fadeInLeft&quot;}\" data-widget_type=\"image.default\">\n\t\t\t\t<div class=\"elementor-widget-container\">\n\t\t\t\t\t\t\t\t\t\t\t\t\t\t\t<img decoding=\"async\" width=\"724\" height=\"1024\" src=\"https:\/\/crescenedo.fr\/wp-content\/uploads\/2025\/07\/Origines-copie-724x1024.jpg\" class=\"attachment-large size-large wp-image-124\" alt=\"\" srcset=\"https:\/\/crescenedo.fr\/wp-content\/uploads\/2025\/07\/Origines-copie-724x1024.jpg 724w, https:\/\/crescenedo.fr\/wp-content\/uploads\/2025\/07\/Origines-copie-212x300.jpg 212w, https:\/\/crescenedo.fr\/wp-content\/uploads\/2025\/07\/Origines-copie-768x1086.jpg 768w, https:\/\/crescenedo.fr\/wp-content\/uploads\/2025\/07\/Origines-copie-1086x1536.jpg 1086w, https:\/\/crescenedo.fr\/wp-content\/uploads\/2025\/07\/Origines-copie-scaled.jpg 1810w\" sizes=\"(max-width: 724px) 100vw, 724px\" \/>\t\t\t\t\t\t\t\t\t\t\t\t\t\t\t<\/div>\n\t\t\t\t<\/div>\n\t\t\t\t<\/div>\n\t\t<div class=\"elementor-element elementor-element-eb3b125 e-con-full e-flex e-con e-child\" data-id=\"eb3b125\" data-element_type=\"container\">\n\t\t\t\t<div class=\"elementor-element elementor-element-90e5f39 elementor-widget elementor-widget-heading\" data-id=\"90e5f39\" data-element_type=\"widget\" data-widget_type=\"heading.default\">\n\t\t\t\t<div class=\"elementor-widget-container\">\n\t\t\t\t\t<h2 class=\"elementor-heading-title elementor-size-default\">A l'affiche<\/h2>\t\t\t\t<\/div>\n\t\t\t\t<\/div>\n\t\t\t\t<div class=\"elementor-element elementor-element-0a70445 elementor-widget elementor-widget-text-editor\" data-id=\"0a70445\" data-element_type=\"widget\" data-widget_type=\"text-editor.default\">\n\t\t\t\t<div class=\"elementor-widget-container\">\n\t\t\t\t\t\t\t\t\t<div><strong>Origines &#8211; Rencontre en Pr\u00e9histoire<\/strong><\/div><div>\u00a0<\/div><div>D\u00e9but de l\u2019\u00e9t\u00e9 2024&#8230; Camille et Romane profitent des vacances avec leurs parents dans le centre de la France. Au cours d\u2019une balade en for\u00eat, les filles disparaissent myst\u00e9rieusement&#8230; Les parents partent aussit\u00f4t \u00e0 leur recherche et se glissent avec inqui\u00e9tude \u00e0 l\u2019int\u00e9rieur d\u2019une grotte. A la lumi\u00e8re de leur t\u00e9l\u00e9phone, d\u00e9butent alors d\u2019\u00e9tranges rencontres&#8230;<\/div><div>\u00a0<\/div><div>A travers cette aventure inattendue, ces visiteurs nous font voyager dans le temps, pour une immersion fantastique dans le monde de la pr\u00e9histoire&#8230; Vivez avec eux la rencontre de deux peuples que le temps \u00e9loigne mais que l\u2019humanit\u00e9 r\u00e9unit.<\/div><div>\u00a0<\/div><div>\u00ab ORIGINES \u00bb, une com\u00e9die musicale qui place, par ses musiques et sa mise en sc\u00e8ne moderne, le spectateur au c\u0153ur d\u2019un univers fascinant. R\u00eave ou r\u00e9alit\u00e9, l\u2019\u00e9motion vous transporte&#8230;<\/div><div>\u00a0<\/div>\t\t\t\t\t\t\t\t<\/div>\n\t\t\t\t<\/div>\n\t\t\t\t<div class=\"elementor-element elementor-element-8f45dd0 elementor-widget elementor-widget-button\" data-id=\"8f45dd0\" data-element_type=\"widget\" data-widget_type=\"button.default\">\n\t\t\t\t<div class=\"elementor-widget-container\">\n\t\t\t\t\t\t\t\t\t<div class=\"elementor-button-wrapper\">\n\t\t\t\t\t<a class=\"elementor-button elementor-button-link elementor-size-sm\" href=\"https:\/\/crescenedo.fr\/index.php\/billetterie\/\">\n\t\t\t\t\t\t<span class=\"elementor-button-content-wrapper\">\n\t\t\t\t\t\t\t\t\t<span class=\"elementor-button-text\">INFO Billetterie<\/span>\n\t\t\t\t\t<\/span>\n\t\t\t\t\t<\/a>\n\t\t\t\t<\/div>\n\t\t\t\t\t\t\t\t<\/div>\n\t\t\t\t<\/div>\n\t\t\t\t<\/div>\n\t\t\t\t\t<\/div>\n\t\t\t\t<\/div>\n\t\t<div class=\"elementor-element elementor-element-6bcdba4 e-flex e-con-boxed e-con e-parent\" data-id=\"6bcdba4\" data-element_type=\"container\">\n\t\t\t\t\t<div class=\"e-con-inner\">\n\t\t\t\t<div class=\"elementor-element elementor-element-3e7260c elementor-widget__width-initial elementor-widget elementor-widget-video\" data-id=\"3e7260c\" data-element_type=\"widget\" data-settings=\"{&quot;youtube_url&quot;:&quot;https:\\\/\\\/www.youtube.com\\\/watch?v=qsrMGtL8AYE&quot;,&quot;video_type&quot;:&quot;youtube&quot;,&quot;controls&quot;:&quot;yes&quot;}\" data-widget_type=\"video.default\">\n\t\t\t\t<div class=\"elementor-widget-container\">\n\t\t\t\t\t\t\t<div class=\"elementor-wrapper elementor-open-inline\">\n\t\t\t<div class=\"elementor-video\"><\/div>\t\t<\/div>\n\t\t\t\t\t\t<\/div>\n\t\t\t\t<\/div>\n\t\t\t\t\t<\/div>\n\t\t\t\t<\/div>\n\t\t<div class=\"elementor-element elementor-element-3d51371 e-flex e-con-boxed e-con e-parent\" data-id=\"3d51371\" data-element_type=\"container\">\n\t\t\t\t\t<div class=\"e-con-inner\">\n\t\t\t\t\t<\/div>\n\t\t\t\t<\/div>\n\t\t\t\t<\/div>\n\t\t","protected":false},"excerpt":{"rendered":"<p>A l&rsquo;affiche Origines &#8211; Rencontre en Pr\u00e9histoire\u00a0D\u00e9but de l\u2019\u00e9t\u00e9 2024&#8230; Camille et Romane profitent des vacances avec leurs parents dans le centre de la France. Au cours d\u2019une balade en for\u00eat, les filles disparaissent myst\u00e9rieusement&#8230; Les parents partent aussit\u00f4t \u00e0 leur recherche et se glissent avec inqui\u00e9tude \u00e0 l\u2019int\u00e9rieur d\u2019une grotte. A la lumi\u00e8re de [&hellip;]<\/p>\n","protected":false},"author":1,"featured_media":0,"parent":0,"menu_order":0,"comment_status":"closed","ping_status":"closed","template":"elementor_header_footer","meta":{"footnotes":""},"class_list":["post-95","page","type-page","status-publish","hentry"],"_links":{"self":[{"href":"https:\/\/crescenedo.fr\/index.php\/wp-json\/wp\/v2\/pages\/95","targetHints":{"allow":["GET"]}}],"collection":[{"href":"https:\/\/crescenedo.fr\/index.php\/wp-json\/wp\/v2\/pages"}],"about":[{"href":"https:\/\/crescenedo.fr\/index.php\/wp-json\/wp\/v2\/types\/page"}],"author":[{"embeddable":true,"href":"https:\/\/crescenedo.fr\/index.php\/wp-json\/wp\/v2\/users\/1"}],"replies":[{"embeddable":true,"href":"https:\/\/crescenedo.fr\/index.php\/wp-json\/wp\/v2\/comments?post=95"}],"version-history":[{"count":111,"href":"https:\/\/crescenedo.fr\/index.php\/wp-json\/wp\/v2\/pages\/95\/revisions"}],"predecessor-version":[{"id":1231,"href":"https:\/\/crescenedo.fr\/index.php\/wp-json\/wp\/v2\/pages\/95\/revisions\/1231"}],"wp:attachment":[{"href":"https:\/\/crescenedo.fr\/index.php\/wp-json\/wp\/v2\/media?parent=95"}],"curies":[{"name":"wp","href":"https:\/\/api.w.org\/{rel}","templated":true}]}}